{"id":340,"date":"2023-08-22T07:42:11","date_gmt":"2023-08-22T05:42:11","guid":{"rendered":"https:\/\/www.elsasnc.it\/privacy-policy\/"},"modified":"2023-10-04T17:09:37","modified_gmt":"2023-10-04T15:09:37","slug":"privacy-policy","status":"publish","type":"page","link":"https:\/\/www.elsasnc.it\/en\/privacy-policy\/","title":{"rendered":"Privacy Policy"},"content":{"rendered":"\r\n<p><strong>Informativa agli utenti del sito internet<\/strong><\/p>\r\n<p>La presente informativa \u00e8 resa, ai sensi dell\u2019art.13 del Regolamento (UE) n. 2016\/679 per la Protezione dei Dati Personali (\u201cGeneral Data Protection Regulation\u201d, di seguito \u201cGDPR\u201d), a coloro che si collegano al presente sito internet (di seguito, il &#8220;Sito&#8221;), in titolarit\u00e0 e gestione di EL.SA. DI SAGLIETTI VITTORIO E C. SNC. Essa ha lo scopo di descrivere il trattamento dei dati personali degli utenti che consultano il Sito e\/o che usufruiscono delle funzionalit\u00e0 e servizi resi accessibili attraverso il Sito stesso (es. servizio newsletter, form contatti). La presente informativa \u00e8 resa solo per coloro che interagiscono con il Sito di titolarit\u00e0 di EL.SA. DI SAGLIETTI VITTORIO E C. SNC ma non anche per altri siti web di titolarit\u00e0 di terzi eventualmente consultabili dagli utenti tramite appositi link. Si invitano gli utenti a leggere attentamente la presente informativa prima di inoltrare qualsiasi tipo di informazione personale e\/o compilare qualunque modulo elettronico presente sul Sito.<\/p>\r\n<p><strong>Identit\u00e0 del Titolare<\/strong><br \/>Il Titolare del trattamento \u00e8 EL.SA. DI SAGLIETTI VITTORIO E C. SNC, in persona del legale rappresentante protempore, con sede legale e del trattamento in VIA S.N.O.S. 9 &#8211; SAVIGLIANO. \u00c8 possibile contattare il Titolare\u00a0 all\u2019indirizzo di posta elettronica info@elsasnc.it o scrivendo a mezzo posta alla sede della societ\u00e0 sopra riportata. Il Titolare del trattamento garantisce la sicurezza, la riservatezza e la protezione dei dati personali di cui \u00e8 in possesso, in qualsiasi fase del processo di trattamento degli stessi. I dati personali raccolti vengono utilizzati nel rispetto dei principi di liceit\u00e0, correttezza, trasparenza e pertinenza e in conformit\u00e0 al GDPR.<\/p>\r\n<p><strong>Tipologia dei dati trattati<\/strong><br \/>I dati personali trattati attraverso il nostro Sito sono i seguenti<\/p>\r\n<ul type=\"a\">\r\n<li><strong>Dati di navigazione<\/strong><br \/>I sistemi di navigazione e le procedure software preposte al funzionamento di questo sito web acquisiscono, nel corso del loro normale esercizio, alcuni dati personali la cui trasmissione \u00e8 implicita nell\u2019uso dei protocolli di comunicazione di internet. Si tratta di informazioni che non sono raccolte per essere associate a interessati identificati, ma che per loro stessa natura potrebbero, attraverso elaborazioni e associazioni con dati detenuti da terzi, permettere di identificare gli utenti. In questa categoria di dati rientrano gli indirizzi IP o i nomi a dominio dei computer utilizzati dagli utenti che si connettono al Sito, gli indirizzi in notazione URI (Uniform Resource Identifier) delle risorse richieste, l\u2019orario della richiesta, il metodo utilizzato nel sottoporre la richiesta al server, la dimensione del file ottenuto in risposta, il codice numerico indicante lo stato dellarisposta data dal server (buon fine, errore, etc.) e altri parametri relativi al sistema operativo e all\u2019ambiente informatico dell\u2019utente. Questi dati vengono utilizzati al solo fine di ricavare informazioni statistiche anonime sull\u2019uso del Sito e dei siti dei nostri clienti e per controllarne il corretto funzionamento, per identificare anomalie e\/o abusi, e vengono cancellati immediatamente dopo l\u2019elaborazione. I dati potrebbero essere utilizzati per l\u2019accertamento di responsabilit\u00e0 in caso di ipotetici reati informatici ai danni del Sito o di terzi.<\/li>\r\n<li><strong>Dati forniti volontariamente dall&#8217;interessato<\/strong><br \/>EL.SA. DI SAGLIETTI VITTORIO E C. SNC raccoglie anche i dati personali (nome, cognome, indirizzo email, &#8230;) volontariamente forniti dall\u2019utente nel richiedere beni o servizi offerti tramite il Sito (es. servizio newsletter, form contatti). Specifiche informative verranno pubblicate nelle pagine del Sito predisposte per l\u2019erogazione dei servizi richiesti. EL.SA. DI SAGLIETTI VITTORIO E C. SNC tratter\u00e0 questi dati nel rispetto della normativa applicabile, assumendo che essi siano riferiti all\u2019utente o a terzi soggetti che l\u2019hanno espressamente autorizzato a conferirli in base ad un\u2019idonea base giuridica che legittima il trattamento dei dati in questione. In tale ipotesi, l\u2019utente si pone come autonomo titolare del trattamento, assumendosi tutti gli obblighi e le responsabilit\u00e0 di legge, e conferisce la pi\u00f9 ampia manleva rispetto a ogni contestazione, pretesa, richiesta di risarcimento del danno da trattamento, ecc. che dovesse pervenire a EL.SA. DI SAGLIETTI VITTORIO E C. SNC da terzi soggetti i cui dati personali siano stati trattati attraverso l\u2019utilizzo dei servizi del Sito in violazione delle norme sulla tutela dei dati personali applicabili.<\/li>\r\n<li><strong>Cookie<\/strong><br \/>I cookie sono informazioni che i siti web visitati dall\u2019interessato inviano e registrano sul computer o dispositivo mobile del medesimo, per essere poi ritrasmessi agli stessi siti alla successiva visita. Grazie a queste tecnologie i siti ricordano azioni e preferenze (es. i dati di login, la lingua prescelta, altre impostazioni di visualizzazione, etc.) in modo che non debbano essere indicate nuovamente alla successiva visita. Questo Sito utilizza le seguenti tipologie di cookie e offre la possibilit\u00e0 di deselezione dei medesimi, salvo che per i cookie di terze parti per i quali dovr\u00e0 fare riferimento direttamente alle relative modalit\u00e0 di selezione e de-selezione dei rispettivi cookie.<\/li>\r\n<\/ul>\r\n<ul>\r\n<li><strong>Cookie tecnici (di navigazione o sessione)<\/strong><br \/>Sono strettamente necessari per il funzionamento del Sito, per visualizzare i contenuti sul dispositivo utilizzato per usufruire dei contenuti e dei servizi richiesti. Disabilitando i cookie tecnici il Sito potrebbe risultare non consultabile o alcuni suoi servizi o determinate funzioni potrebbero risultare non disponibili o non funzionare correttamente e l\u2019utente potrebbe essere costretto a modificare o a inserire manualmente alcune informazioni o preferenze ogni volta che visiter\u00e0 il Sito.<\/li>\r\n<li><strong>Cookie funzionali<\/strong><br \/>Consentono al Sito di ricordare le scelte effettuate (memorizzazione dell\u2019username dell\u2019utente, della lingua selezionata, &#8230;) al fine di ottimizzare e fornire funzionalit\u00e0 pi\u00f9 avanzate. Tali cookie non raccolgono informazioni che consentono di identificare personalmente l\u2019utente. Disabilitando tali cookie alcune funzionalit\u00e0 del Sito potrebbero essere ridotte o non disponibili.<\/li>\r\n<li><strong>Cookie di analisi di traffico<\/strong><br \/>Il Sito utilizza i cookie di Google Analytics, un servizio di analisi web fornito da Google, che raccoglie informazioni in forma aggregata e quindi anonima al fine di monitorare e analizzare gli accessi alle pagine del sito. Le informazioni generate dal cookie sull\u2019utilizzo del Sito da parte dell\u2019utente (compreso l\u2019indirizzo IP) vengono comunicate a Google Inc. e da questi conservati.<\/li>\r\n<\/ul>\r\n<p><strong>Finalit\u00e0 del trattamento<\/strong><br \/>I dati personali degli utenti saranno trattati per le seguenti finalit\u00e0:<\/p>\r\n<ol type=\"a\">\r\n<li>accesso tecnico e funzionale al Sito, assicurare il corretto funzionamento delle pagine web e dei loro contenuti;<\/li>\r\n<li>finalit\u00e0 statistica e di analisi della navigazione e degli utenti;<\/li>\r\n<li>fornire il bene e\/o il servizio richiesto dall\u2019utente, gestire i contratti perfezionati dall\u2019utente, espletare i relativi adempimenti amministrativi, contabili, fiscali e legali nonch\u00e9 evadere le richieste inoltrate dall&#8217;utente. Il conferimento dei dati \u00e8 facoltativo; si fa tuttavia presente che il rifiuto\/disattivazione dei cookies potr\u00e0 impedire di utilizzare alcune funzionalit\u00e0 del Sito.<\/li>\r\n<\/ol>\r\n<p><strong>Base giuridica<\/strong><br \/>La base giuridica del trattamento dei dati per le finalit\u00e0 indicate consiste nel dare esecuzione a un contratto di cui l\u2019interessato \u00e8 parte o alle misure precontrattuali adottate su sua richiesta. Il trattamento dei dati in questione, in quanto volto a evadere richieste dell\u2019interessato e\/o a concludere e dare esecuzione a contratti conclusi con lo stesso, non necessita dell\u2019espresso consenso dell\u2019utente.<\/p>\r\n<p><strong>Modalit\u00e0 di trattamento<\/strong><br \/>Il trattamento dei dati personali avverr\u00e0 nel pieno rispetto dei principi di riservatezza, correttezza, necessit\u00e0, pertinenza, liceit\u00e0 e trasparenza imposti dal GDPR. Il trattamento dei dati personali verr\u00e0 effettuato prevalentemente mediante l\u2019utilizzo di strumenti elettronici, in conformit\u00e0 con le disposizioni normative vigenti. Idonee misure di sicurezza saranno osservate per prevenire la perdita dei dati personali, usi illeciti o non corretti degli stessi ovvero accessi non autorizzati.<\/p>\r\n<p><strong>Destinatari dei dati<\/strong><br \/>I dati raccolti non saranno diffusi e potranno essere comunicati, oltre che a soggetti ai quali sia riconosciuta la facolt\u00e0 e l\u2019interesse di accedere ai dati personali dell\u2019utente da norme di legge o da normative secondarie e\/o comunitarie, a personale interno al Titolare nonch\u00e9 a societ\u00e0, associazioni o studi professionali che debbano fornire beni o prestazioni e servizi al Titolare, quali a titolo esemplificativo fornitori di servizi IT o cloud.<\/p>\r\n<p><strong>Trasferimento dei dati<\/strong><br \/>Il Titolare del trattamento non trasferisce i dati personali dell\u2019interessato in paesi terzi o a organizzazioni internazionali. Tuttavia, si riserva la possibilit\u00e0 di utilizzare servizi in cloud; nel qual caso, i fornitori dei servizi saranno selezionati tra coloro che forniscono garanzie adeguate, cos\u00ec come previsto dall&#8217;art. 46 GDPR.<\/p>\r\n<p><strong>Conservazione dei dati<\/strong><br \/>I dati raccolti saranno conservati, a partire dal loro ricevimento\/aggiornamento, per il tempo strettamente necessario a raggiungere le finalit\u00e0 sopra indicate e comunque nel rispetto dei termini di legge. Decorso tale periodo i dati saranno cancellati e\/o resi anonimi in modo da non permettere, anche indirettamente o collegando altre banche di dati, di identificare gli interessati, fatta salva la necessit\u00e0 di conservare i dati per rispondere agli obblighi previsti dalla normativa applicabile vigente anche successivamente alla cessazione delle operazioni di trattamento.<\/p>\r\n<p><strong>Diritti dell\u2019interessato<\/strong><br \/>In qualsiasi momento l\u2019utente potr\u00e0 esercitare nei confronti di EL.SA. DI SAGLIETTI VITTORIO E C. SNC i seguenti diritti ex artt.15 e 22 GDPR:<\/p>\r\n<ol>\r\n<li>diritto di accesso ai Suoi dati personali;<\/li>\r\n<li>diritto di rettifica o cancellazione;<\/li>\r\n<li>diritto alla limitazione del trattamento;<\/li>\r\n<li>diritto alla portabilit\u00e0;<\/li>\r\n<li>diritto di opposizione.<\/li>\r\n<\/ol>\r\n<p>L\u2019utente ha altres\u00ec il diritto di revocare liberamente e in qualsiasi momento il consenso eventualmente prestato. I trattamenti effettuati in costanza del consenso prestato e i relativi effetti giuridici rimarranno comunque validi anche dopo l\u2019eventuale revoca del consenso. Per esercitare tali diritti, segnalare problemi o chiedere chiarimenti sul trattamento dei propri dati personali l\u2019utente pu\u00f2 inviare una mail all\u2019indirizzo di posta elettronica info@elsasnc.it, specificando l\u2019oggetto della richiesta. In ogni caso, \u00e8 riconosciuto all\u2019utente il diritto di presentare un reclamo all&#8217;autorit\u00e0 di vigilanza competente, che in Italia si identifica con il Garante per la Protezione dei Dati Personali, se ritiene che il trattamento dei Suoi dati personali sia contrario alla legge applicabile.<\/p>\r\n<p><strong>Modifiche e aggiornamenti<\/strong><br \/>La presente informativa potrebbe essere soggetta a modifiche e\/o integrazioni, anche quale conseguenza di dell\u2019aggiornamento della normativa applicabile. L\u2019informativa aggiornata sar\u00e0 consultabile sul sito http:\/\/www.elsasnc.it , nella sezione Privacy. EL.SA. DI SAGLIETTI VITTORIO E C. SNC invita pertanto l\u2019utente a visitare con regolarit\u00e0 tale sezione per prendere cognizione della pi\u00f9 recente e aggiornata visione della Privacy Policy.<\/p>\r\n<p>&nbsp;<\/p>\r\n<p><a target=\"_blank\" href=\"https:\/\/www.elsasnc.it\/wp-content\/uploads\/Informativa-GDPR-2022.pdf\" rel=\"noopener\">Scarica Informativa in formato PDF<\/a><\/p>","protected":false},"excerpt":{"rendered":"<p>Informativa agli utenti del sito internet La presente informativa \u00e8 resa, ai sensi dell\u2019art.13 del Regolamento (UE) n. 2016\/679 per [&hellip;]<\/p>\n","protected":false},"author":1,"featured_media":0,"parent":0,"menu_order":0,"comment_status":"closed","ping_status":"open","template":"","meta":{"_acf_changed":false,"footnotes":""},"class_list":["post-340","page","type-page","status-publish","hentry"],"acf":[],"yoast_head":"<!-- This site is optimized with the Yoast SEO plugin v23.6 - https:\/\/yoast.com\/wordpress\/plugins\/seo\/ -->\n<title>Privacy Policy - EL.SA.<\/title>\n<meta name=\"robots\" content=\"index, follow, max-snippet:-1, max-image-preview:large, max-video-preview:-1\" \/>\n<link rel=\"canonical\" href=\"https:\/\/www.elsasnc.it\/privacy-policy\/\" \/>\n<meta property=\"og:locale\" content=\"en_US\" \/>\n<meta property=\"og:type\" content=\"article\" \/>\n<meta property=\"og:title\" content=\"Privacy Policy - EL.SA.\" \/>\n<meta property=\"og:description\" content=\"Informativa agli utenti del sito internet La presente informativa \u00e8 resa, ai sensi dell\u2019art.13 del Regolamento (UE) n. 2016\/679 per [&hellip;]\" \/>\n<meta property=\"og:url\" content=\"https:\/\/www.elsasnc.it\/privacy-policy\/\" \/>\n<meta property=\"og:site_name\" content=\"EL.SA.\" \/>\n<meta property=\"article:modified_time\" content=\"2023-10-04T15:09:37+00:00\" \/>\n<meta name=\"twitter:card\" content=\"summary_large_image\" \/>\n<meta name=\"twitter:label1\" content=\"Est. reading time\" \/>\n\t<meta name=\"twitter:data1\" content=\"8 minutes\" \/>\n<script type=\"application\/ld+json\" class=\"yoast-schema-graph\">{\"@context\":\"https:\/\/schema.org\",\"@graph\":[{\"@type\":\"WebPage\",\"@id\":\"https:\/\/www.elsasnc.it\/privacy-policy\/\",\"url\":\"https:\/\/www.elsasnc.it\/privacy-policy\/\",\"name\":\"Privacy Policy - EL.SA.\",\"isPartOf\":{\"@id\":\"https:\/\/www.elsasnc.it\/#website\"},\"datePublished\":\"2023-08-22T05:42:11+00:00\",\"dateModified\":\"2023-10-04T15:09:37+00:00\",\"breadcrumb\":{\"@id\":\"https:\/\/www.elsasnc.it\/privacy-policy\/#breadcrumb\"},\"inLanguage\":\"en-US\",\"potentialAction\":[{\"@type\":\"ReadAction\",\"target\":[\"https:\/\/www.elsasnc.it\/privacy-policy\/\"]}]},{\"@type\":\"BreadcrumbList\",\"@id\":\"https:\/\/www.elsasnc.it\/privacy-policy\/#breadcrumb\",\"itemListElement\":[{\"@type\":\"ListItem\",\"position\":1,\"name\":\"Home\",\"item\":\"https:\/\/www.elsasnc.it\/\"},{\"@type\":\"ListItem\",\"position\":2,\"name\":\"Privacy Policy\"}]},{\"@type\":\"WebSite\",\"@id\":\"https:\/\/www.elsasnc.it\/#website\",\"url\":\"https:\/\/www.elsasnc.it\/\",\"name\":\"EL.SA.\",\"description\":\"EL.SA. - Quadri e cabine elettriche Savigliano\",\"potentialAction\":[{\"@type\":\"SearchAction\",\"target\":{\"@type\":\"EntryPoint\",\"urlTemplate\":\"https:\/\/www.elsasnc.it\/?s={search_term_string}\"},\"query-input\":{\"@type\":\"PropertyValueSpecification\",\"valueRequired\":true,\"valueName\":\"search_term_string\"}}],\"inLanguage\":\"en-US\"}]}<\/script>\n<!-- \/ Yoast SEO plugin. -->","yoast_head_json":{"title":"Privacy Policy - EL.SA.","robots":{"index":"index","follow":"follow","max-snippet":"max-snippet:-1","max-image-preview":"max-image-preview:large","max-video-preview":"max-video-preview:-1"},"canonical":"https:\/\/www.elsasnc.it\/privacy-policy\/","og_locale":"en_US","og_type":"article","og_title":"Privacy Policy - EL.SA.","og_description":"Informativa agli utenti del sito internet La presente informativa \u00e8 resa, ai sensi dell\u2019art.13 del Regolamento (UE) n. 2016\/679 per [&hellip;]","og_url":"https:\/\/www.elsasnc.it\/privacy-policy\/","og_site_name":"EL.SA.","article_modified_time":"2023-10-04T15:09:37+00:00","twitter_card":"summary_large_image","twitter_misc":{"Est. reading time":"8 minutes"},"schema":{"@context":"https:\/\/schema.org","@graph":[{"@type":"WebPage","@id":"https:\/\/www.elsasnc.it\/privacy-policy\/","url":"https:\/\/www.elsasnc.it\/privacy-policy\/","name":"Privacy Policy - EL.SA.","isPartOf":{"@id":"https:\/\/www.elsasnc.it\/#website"},"datePublished":"2023-08-22T05:42:11+00:00","dateModified":"2023-10-04T15:09:37+00:00","breadcrumb":{"@id":"https:\/\/www.elsasnc.it\/privacy-policy\/#breadcrumb"},"inLanguage":"en-US","potentialAction":[{"@type":"ReadAction","target":["https:\/\/www.elsasnc.it\/privacy-policy\/"]}]},{"@type":"BreadcrumbList","@id":"https:\/\/www.elsasnc.it\/privacy-policy\/#breadcrumb","itemListElement":[{"@type":"ListItem","position":1,"name":"Home","item":"https:\/\/www.elsasnc.it\/"},{"@type":"ListItem","position":2,"name":"Privacy Policy"}]},{"@type":"WebSite","@id":"https:\/\/www.elsasnc.it\/#website","url":"https:\/\/www.elsasnc.it\/","name":"EL.SA.","description":"EL.SA. - Quadri e cabine elettriche Savigliano","potentialAction":[{"@type":"SearchAction","target":{"@type":"EntryPoint","urlTemplate":"https:\/\/www.elsasnc.it\/?s={search_term_string}"},"query-input":{"@type":"PropertyValueSpecification","valueRequired":true,"valueName":"search_term_string"}}],"inLanguage":"en-US"}]}},"_links":{"self":[{"href":"https:\/\/www.elsasnc.it\/en\/wp-json\/wp\/v2\/pages\/340","targetHints":{"allow":["GET"]}}],"collection":[{"href":"https:\/\/www.elsasnc.it\/en\/wp-json\/wp\/v2\/pages"}],"about":[{"href":"https:\/\/www.elsasnc.it\/en\/wp-json\/wp\/v2\/types\/page"}],"author":[{"embeddable":true,"href":"https:\/\/www.elsasnc.it\/en\/wp-json\/wp\/v2\/users\/1"}],"replies":[{"embeddable":true,"href":"https:\/\/www.elsasnc.it\/en\/wp-json\/wp\/v2\/comments?post=340"}],"version-history":[{"count":1,"href":"https:\/\/www.elsasnc.it\/en\/wp-json\/wp\/v2\/pages\/340\/revisions"}],"predecessor-version":[{"id":341,"href":"https:\/\/www.elsasnc.it\/en\/wp-json\/wp\/v2\/pages\/340\/revisions\/341"}],"wp:attachment":[{"href":"https:\/\/www.elsasnc.it\/en\/wp-json\/wp\/v2\/media?parent=340"}],"curies":[{"name":"wp","href":"https:\/\/api.w.org\/{rel}","templated":true}]}}